{"id":1583,"date":"2022-07-20T09:30:32","date_gmt":"2022-07-20T07:30:32","guid":{"rendered":"https:\/\/instvalles.com\/?page_id=1583"},"modified":"2024-02-20T11:25:31","modified_gmt":"2024-02-20T10:25:31","slug":"aviso-legal","status":"publish","type":"page","link":"https:\/\/instvalles.com\/en\/aviso-legal\/","title":{"rendered":"Legal statement"},"content":{"rendered":"<div class=\"fusion-fullwidth fullwidth-box fusion-builder-row-1 fusion-flex-container nonhundred-percent-fullwidth non-hundred-percent-height-scrolling\" style=\"--awb-border-radius-top-left:0px;--awb-border-radius-top-right:0px;--awb-border-radius-bottom-right:0px;--awb-border-radius-bottom-left:0px;--awb-flex-wrap:wrap;\" ><div class=\"fusion-builder-row fusion-row fusion-flex-align-items-flex-start fusion-flex-content-wrap\" style=\"max-width:1310.4px;margin-left: calc(-4% \/ 2 );margin-right: calc(-4% \/ 2 );\"><div class=\"fusion-layout-column fusion_builder_column fusion-builder-column-0 fusion_builder_column_1_1 1_1 fusion-flex-column\" style=\"--awb-bg-size:cover;--awb-width-large:100%;--awb-margin-top-large:0px;--awb-spacing-right-large:1.92%;--awb-margin-bottom-large:0px;--awb-spacing-left-large:1.92%;--awb-width-medium:100%;--awb-spacing-right-medium:1.92%;--awb-spacing-left-medium:1.92%;--awb-width-small:100%;--awb-spacing-right-small:1.92%;--awb-spacing-left-small:1.92%;\"><div class=\"fusion-column-wrapper fusion-flex-justify-content-flex-start fusion-content-layout-column\"><div class=\"fusion-text fusion-text-1\"><div class=\"text_block\">\n<h2>Datos identificativos<\/h2>\n<p>En cumplimiento con el deber de informaci\u00f3n recogido en art\u00edculo 10 de la Ley 34\/2002, de 11 de julio, de Servicios de la Sociedad de la Informaci\u00f3n y del Comercio Electr\u00f3nico, a continuaci\u00f3n se reflejan los siguientes datos: la empresa titular de esta web es INSTVALLES, SL, en adelante EL TITULAR con domicilio en la calle Ribera del Congost, 16 de 08520-Les Franqueses del Vall\u00e8s y con n\u00famero de C.I.F B60664240, debidamente inscrita en el correspondiente Registro Mercantil.<\/p>\n<\/div>\n<div class=\"text_block\">\n<h3>I \u2013 Usuarios:<\/h3>\n<p>El acceso y\/o uso de \u00e9ste sitio web atribuye a quien lo realiza la condici\u00f3n de usuario, aceptando desde este mismo momento, plenamente y sin ning\u00fan tipo de reserva, las presentes condiciones generales, as\u00ed como las condiciones particulares que, si cabe, complementen, modifiquen o substituyan las condiciones generales en relaci\u00f3n con determinados servicios y contenidos del sitio web.<\/p>\n<\/div>\n<div class=\"text_block\">\n<h3>II \u2013 Uso del sitio web, mis servicios y contenidos:<\/h3>\n<p>El usuario se compromete a utilizar este sitio web y sus servicios y contenidos sin contradecir la legislaci\u00f3n vigente, la buena fe, los usos generalmente aceptados y el orden p\u00fablico. As\u00ed mismo, queda prohibido, el uso del Web con finalidades il\u00edcitas o lesivas contra EL TITULAR o cualquier tercero; o que, de cualquier forma, puedan causar perjuicio o impedir el normal funcionamiento del sitio web.<\/p>\n<p>Respeto de los contenidos (informaciones, textos, gr\u00e1ficos, archivos de sonido y\/o de imagen, fotograf\u00edas, dise\u00f1os, etc.), se proh\u00edbe:<\/p>\n<ul>\n<li>Su reproducci\u00f3n, distribuci\u00f3n o modificaci\u00f3n, salvo que se tenga autorizaci\u00f3n de sus leg\u00edtimos titulares o resulte legalmente permitido.<\/li>\n<li>Cualquier vulneraci\u00f3n de los derechos de EL TITULAR o de sus leg\u00edtimos titulares sobre los mismos.<\/li>\n<li>Su uso para todo tipo de fines comerciales o publicitarios, diferentes de los estrictamente permitidos.<\/li>\n<li>Cualquier intento de obtener los contenidos del sitio web por cualquier medio diferente del que se pongan a disposici\u00f3n de los usuarios as\u00ed como de los que habitualmente se utilicen n la red, siempre que estos no causen perjuicio al sitio Web de EL TITULAR.<\/li>\n<\/ul>\n<\/div>\n<div class=\"text_block\">\n<h3>III \u2013 Modificaci\u00f3n unilateral:<\/h3>\n<p>EL TITULAR podr\u00e1 modificar unilateralmente y sin previo aviso, siempre que lo considere oportuno, la estructura y dise\u00f1o del sitio Web, as\u00ed como modificar o eliminar los servicios, contenidos y condiciones de acceso y\/o uso del sitio Web.<\/p>\n<div class=\"text_block\">\n<h3>IV \u2013 Hiperenlaces:<\/h3>\n<p>El establecimiento de cualquier \u2018hiperenlace\u2019 entre una p\u00e1gina web y cualquiera de las p\u00e1ginas web del sitio Web de EL TITULAR estar\u00e1 sometido a las siguientes condiciones:<\/p>\n<ul>\n<li>No se permite la reproducci\u00f3n ni total ni parcial de ninguno de los servicios ni contenidos del sitio Web de EL TITULAR.<\/li>\n<li>Cualquier vulneraci\u00f3n de los derechos de EL TITULAR o de sus leg\u00edtimos titulares sobre los mismos.<\/li>\n<li>La p\u00e1gina web de la cual se establezca el hiperenlace no contendr\u00e1 ninguna marca, nombre comercial, letrero de establecimiento, denominaci\u00f3n, logotipo, eslogan u otros signos distintivos perteneciente a EL TITULAR.<\/li>\n<li>Bajo ninguna circunstancia, EL TITULAR ser\u00e1 responsable de los contenidos o servicios puestos a disposici\u00f3n del p\u00fablico en la p\u00e1gina web desde la cual se realice el \u2018hiperenlace\u2019, ni de las informaciones y manifestaciones incluidas en las mismas.<\/li>\n<\/ul>\n<\/div>\n<div class=\"text_block\">\n<h3>V \u2013 Exclusi\u00f3n de garant\u00edas y responsabilidades:<\/h3>\n<p>EL TITULAR no otorga ninguna garant\u00eda ni se hace responsable, en ning\u00fan caso, de los da\u00f1os y perjuicios de cualquier naturaleza que pudiesen ser causa de:<\/p>\n<ul>\n<li>La manca de disponibilidad, mantenimiento y efectivo funcionamiento del Web y\/o de sus servicios o contenidos.<\/li>\n<li>La falta de utilidad, adecuaci\u00f3n o validez del sitio Web y\/o de sus servicios o contenidos para satisfacer necesidades, actividades o resultados concretos o expectativas de los usuarios.<\/li>\n<li>La existencia de virus, programas maliciosos o lesivos en los contenidos.<\/li>\n<li>La recepci\u00f3n, obtenci\u00f3n, almacenamiento, difusi\u00f3n o transmisi\u00f3n, por parte de los usuarios, de los contenidos.<\/li>\n<li>El uso il\u00edcito, negligente, fraudulento, contrario a las presentes Condiciones Generales, a la buena fe, a los usos generalmente aceptados o al orden p\u00fablico, del sitio Web, de sus servicios o contenidos, por parte de los usuarios.<\/li>\n<li>La falta de licitud, calidad, fiabilidad, utilidad y disponibilidad de los servicios presentados por terceros y sitios que est\u00e9n a la disposici\u00f3n de los usuarios en el sitio web.<\/li>\n<li>El incumplimiento por parte de terceros de sus respectivas obligaciones o compromisos en relaci\u00f3n con los servicios prestados a los usuarios a trav\u00e9s del sitio Web.<\/li>\n<\/ul>\n<\/div>\n<div class=\"text_block\">\n<h3>VI \u2013 Duraci\u00f3n:<\/h3>\n<p>La duraci\u00f3n de la prestaci\u00f3n del servicio del sitio Web y de los servicios que se presten es de car\u00e1cter indefinido. Sin perjuicio del anterior, EL TITULAR se reserva el derecho de interrumpir, suspender o acabar la prestaci\u00f3n del servicio del Web o de cualquiera de los servicios que lo integren, en los mismos t\u00e9rminos que se recogen en la condici\u00f3n tercera.<\/p>\n<\/div>\n<div class=\"text_block\">\n<h3>VII \u2013 Propiedad intelectual:<\/h3>\n<p>Al efecto de preservar los posibles derechos de propiedad intelectual, en el caso de cualquier usuario o un tercero considere que ha producido una violaci\u00f3n de sus leg\u00edtimos derechos para la introducci\u00f3n de un determinado contenido en el Web, tendr\u00e1 que notificar esta circunstancia a EL TITULAR indicando:<\/p>\n<ul>\n<li>Datos personales del interesado titular de los derechos presuntamente infringidos. Si la reclamaci\u00f3n la presenta un tercer distinto del interesado, deber\u00e1 indicar la representaci\u00f3n con la cual act\u00faa.<\/li>\n<li>Indicaci\u00f3n de los contenidos protegidos por los derechos de propiedad intelectual y su ubicaci\u00f3n en el Web.<\/li>\n<li>Acreditaci\u00f3n de los citados derechos de propiedad intelectual.<\/li>\n<li>Declaraci\u00f3n expresa en la cual el interesado se responsabiliza de la veracidad de las informaciones facilitadas en la notificaci\u00f3n.<\/li>\n<\/ul>\n<p>La marca EL TITULAR y las correspondientes marcas gr\u00e1ficas son todas ellas marcas registradas y queda prohibida su reproducci\u00f3n o uso sin la autorizaci\u00f3n de su titular. La legitimidad de los derechos de propiedad intelectual o industrial correspondientes a los contenidos aportados por terceros es de la exclusiva responsabilidad de los mismos.<\/p>\n<\/div>\n<div class=\"text_block\">\n<h3>VIII \u2013 Legislaci\u00f3n aplicable y jurisdicci\u00f3n:<\/h3>\n<p>Las presentes Condiciones Generales se regir\u00e1n por la legislaci\u00f3n espa\u00f1ola y europea vigentes.<\/p>\n<p>EL TITULAR y el usuario, con renuncia expresa a cualquier otro acto que pudiese corresponderle, se someten a la Jurisdicci\u00f3n de los Juzgados y Tribunales del domicilio del usuario para cuantas cuestiones pudiesen suscitarse o acciones ejercitarse derivadas de la prestaci\u00f3n del servicio del Web y de sus servicios y contenidos y sobre la interpretaci\u00f3n, aplicaci\u00f3n, cumplimiento o incumplimiento de todo eso que aqu\u00ed se establece. En el caso que el Usuario tenga su domicilio fuera de Espa\u00f1a, EL TITULAR y el Usuario, con renuncia expresa a cualquier otro acto que pudiese corresponderle, se someten a la Jurisdicci\u00f3n de los Juzgados y Tribunales de Granollers (Barcelona).<\/p>\n<\/div>\n<\/div>\n<\/div><\/div><\/div><\/div><\/div>","protected":false},"excerpt":{"rendered":"","protected":false},"author":1,"featured_media":0,"parent":0,"menu_order":0,"comment_status":"closed","ping_status":"closed","template":"","meta":{"footnotes":""},"class_list":["post-1583","page","type-page","status-publish","hentry"],"_links":{"self":[{"href":"https:\/\/instvalles.com\/en\/wp-json\/wp\/v2\/pages\/1583","targetHints":{"allow":["GET"]}}],"collection":[{"href":"https:\/\/instvalles.com\/en\/wp-json\/wp\/v2\/pages"}],"about":[{"href":"https:\/\/instvalles.com\/en\/wp-json\/wp\/v2\/types\/page"}],"author":[{"embeddable":true,"href":"https:\/\/instvalles.com\/en\/wp-json\/wp\/v2\/users\/1"}],"replies":[{"embeddable":true,"href":"https:\/\/instvalles.com\/en\/wp-json\/wp\/v2\/comments?post=1583"}],"version-history":[{"count":3,"href":"https:\/\/instvalles.com\/en\/wp-json\/wp\/v2\/pages\/1583\/revisions"}],"predecessor-version":[{"id":1586,"href":"https:\/\/instvalles.com\/en\/wp-json\/wp\/v2\/pages\/1583\/revisions\/1586"}],"wp:attachment":[{"href":"https:\/\/instvalles.com\/en\/wp-json\/wp\/v2\/media?parent=1583"}],"curies":[{"name":"wp","href":"https:\/\/api.w.org\/{rel}","templated":true}]}}